{"id":2,"date":"2010-06-30T17:41:13","date_gmt":"2010-06-30T17:41:13","guid":{"rendered":"http:\/\/hb.ezc.vn\/?page_id=2"},"modified":"2010-07-01T01:42:24","modified_gmt":"2010-06-30T18:42:24","slug":"about","status":"publish","type":"page","link":"http:\/\/hb.ezc.vn\/?page_id=2","title":{"rendered":"Gi\u1edbi thi\u1ec7u"},"content":{"rendered":"<p style=\"text-align: justify;\">B\u1ea1n ch\u1ecdn mua \u0111i\u1ec7n tho\u1ea1i, c\u00f3 m\u1ed9t r\u1eebng m\u1eabu m\u00e3 \u0111\u1ec3 b\u1ea1n ch\u1ecdn. B\u1ea1n s\u1ebd l\u00e0m g\u00ec? Nhi\u1ec1u ng\u01b0\u1eddi s\u1ebd t\u00ecm hi\u1ec3u c\u00e1c th\u00f4ng tin \u0111\u00e1nh gi\u00e1 c\u00e1c m\u1eabu m\u00e3 n\u00e0y tr\u00ean m\u1ea1ng \u0111\u1ec3 tham kh\u1ea3o tr\u01b0\u1edbc khi quy\u1ebft \u0111\u1ecbnh s\u1eafm cho m\u00ecnh m\u1ed9t chi\u1ebfc. Vi\u1ec7c tham kh\u1ea3o n\u00e0y gi\u00fap b\u1ea1n tr\u00e1nh \u0111\u01b0\u1ee3c nh\u1eefng sai l\u1ea7m kh\u00f4ng \u0111\u00e1ng c\u00f3, ph\u1ea3i tr\u1ea3 gi\u00e1 b\u1eb1ng ti\u1ec1n c\u1ee7a b\u1ea1n. T\u00ecnh h\u00ecnh c\u0169ng t\u01b0\u01a1ng t\u1ef1 nh\u01b0 v\u1eady v\u1edbi vi\u1ec7c ch\u1ecdn mua m\u00e1y t\u00ednh, tivi v.v.<\/p>\n<p style=\"text-align: justify;\">T\u00ecm ki\u1ebfm c\u00e1c th\u00f4ng tin \u0111\u00e1nh gi\u00e1 cho thi\u1ebft b\u1ecb \u0111i\u1ec7n t\u1eed th\u1eadt d\u1ec5 d\u00e0ng. V\u1eady b\u1ea1n mu\u1ed1n mua nh\u00e0 th\u00ec sao? Th\u00f4ng tin v\u1ec1 nh\u00e0 \u0111\u1ea5t c\u0169ng ng\u1eadp tr\u00e0n tr\u00ean m\u1ea1ng. Tuy v\u1eady, c\u00e1c th\u00f4ng tin \u0111\u00e1nh gi\u00e1 c\u00e1c c\u0103n nh\u00e0 \u0111ang giao d\u1ecbch l\u1ea1i kh\u00f4ng nhi\u1ec1u v\u00e0 d\u1ec5 t\u00ecm ki\u1ebfm.<\/p>\n<p style=\"text-align: justify;\">Trang th\u00f4ng tin n\u00e0y ra \u0111\u1eddi v\u1edbi m\u1ee5c ti\u00eau \u0111\u00e1p \u1ee9ng nhu c\u1ea7u \u0111\u00f3. \u0110\u00e2y s\u1ebd l\u00e0 m\u1ed9t n\u01a1i trao \u0111\u1ed5i, \u0111\u00e1nh gi\u00e1 c\u1ee7a ng\u01b0\u1eddi mua v\u00e0 gi\u1edbi chuy\u00ean m\u00f4n \u0111\u1ec3 cung c\u1ea5p th\u00f4ng tin b\u1ed5 \u00edch cho ng\u01b0\u1eddi mua tr\u01b0\u1edbc khi quy\u1ebft \u0111\u1ecbnh m\u1ed9t vi\u1ec7c l\u1edbn.<\/p>\n<p style=\"text-align: justify;\">Xin ch\u00e0o m\u1eebng b\u1ea1n \u0111\u00e3 \u0111\u1ebfn v\u1edbi ch\u00fang t\u00f4i!<\/p>\n","protected":false},"excerpt":{"rendered":"<p>B\u1ea1n ch\u1ecdn mua \u0111i\u1ec7n tho\u1ea1i, c\u00f3 m\u1ed9t r\u1eebng m\u1eabu m\u00e3 \u0111\u1ec3 b\u1ea1n ch\u1ecdn. B\u1ea1n s\u1ebd l\u00e0m g\u00ec? Nhi\u1ec1u ng\u01b0\u1eddi s\u1ebd t\u00ecm hi\u1ec3u c\u00e1c th\u00f4ng tin \u0111\u00e1nh gi\u00e1 c\u00e1c m\u1eabu m\u00e3 n\u00e0y tr\u00ean m\u1ea1ng \u0111\u1ec3 tham kh\u1ea3o tr\u01b0\u1edbc khi quy\u1ebft \u0111\u1ecbnh s\u1eafm cho m\u00ecnh m\u1ed9t chi\u1ebfc. Vi\u1ec7c tham kh\u1ea3o n\u00e0y gi\u00fap b\u1ea1n tr\u00e1nh \u0111\u01b0\u1ee3c nh\u1eefng sai [&hellip;]<\/p>\n","protected":false},"author":1,"featured_media":0,"parent":0,"menu_order":0,"comment_status":"closed","ping_status":"closed","template":"","meta":{"footnotes":""},"class_list":["post-2","page","type-page","status-publish","hentry"],"_links":{"self":[{"href":"http:\/\/hb.ezc.vn\/index.php?rest_route=\/wp\/v2\/pages\/2","targetHints":{"allow":["GET"]}}],"collection":[{"href":"http:\/\/hb.ezc.vn\/index.php?rest_route=\/wp\/v2\/pages"}],"about":[{"href":"http:\/\/hb.ezc.vn\/index.php?rest_route=\/wp\/v2\/types\/page"}],"author":[{"embeddable":true,"href":"http:\/\/hb.ezc.vn\/index.php?rest_route=\/wp\/v2\/users\/1"}],"replies":[{"embeddable":true,"href":"http:\/\/hb.ezc.vn\/index.php?rest_route=%2Fwp%2Fv2%2Fcomments&post=2"}],"version-history":[{"count":1,"href":"http:\/\/hb.ezc.vn\/index.php?rest_route=\/wp\/v2\/pages\/2\/revisions"}],"predecessor-version":[{"id":17,"href":"http:\/\/hb.ezc.vn\/index.php?rest_route=\/wp\/v2\/pages\/2\/revisions\/17"}],"wp:attachment":[{"href":"http:\/\/hb.ezc.vn\/index.php?rest_route=%2Fwp%2Fv2%2Fmedia&parent=2"}],"curies":[{"name":"wp","href":"https:\/\/api.w.org\/{rel}","templated":true}]}}